{"id":32768,"date":"2026-03-06T06:38:31","date_gmt":"2026-03-06T06:38:31","guid":{"rendered":"https:\/\/www.vibragora.fr\/?page_id=32768"},"modified":"2026-03-07T06:21:21","modified_gmt":"2026-03-07T06:21:21","slug":"procedure","status":"publish","type":"page","link":"https:\/\/www.vibragora.fr\/en\/forums-container\/procedure\/","title":{"rendered":"Procedure"},"content":{"rendered":"<div data-elementor-type=\"wp-page\" data-elementor-id=\"32768\" class=\"elementor elementor-32768\" data-elementor-post-type=\"page\">\n\t\t\t\t<div class=\"elementor-element elementor-element-2e4208e3 e-flex e-con-boxed e-con e-parent\" data-id=\"2e4208e3\" data-element_type=\"container\">\n\t\t\t\t\t<div class=\"e-con-inner\">\n\t\t<div class=\"elementor-element elementor-element-4d3f219f e-con-full e-flex e-con e-child\" data-id=\"4d3f219f\" data-element_type=\"container\">\n\t\t\t\t<div class=\"elementor-element elementor-element-17fb05e1 elementor-widget elementor-widget-heading\" data-id=\"17fb05e1\" data-element_type=\"widget\" data-widget_type=\"heading.default\">\n\t\t\t\t<div class=\"elementor-widget-container\">\n\t\t\t<style>\/*! elementor - v3.23.0 - 05-08-2024 *\/\n.elementor-heading-title{padding:0;margin:0;line-height:1}.elementor-widget-heading .elementor-heading-title[class*=elementor-size-]>a{color:inherit;font-size:inherit;line-height:inherit}.elementor-widget-heading .elementor-heading-title.elementor-size-small{font-size:15px}.elementor-widget-heading .elementor-heading-title.elementor-size-medium{font-size:19px}.elementor-widget-heading .elementor-heading-title.elementor-size-large{font-size:29px}.elementor-widget-heading .elementor-heading-title.elementor-size-xl{font-size:39px}.elementor-widget-heading .elementor-heading-title.elementor-size-xxl{font-size:59px}<\/style><h1 class=\"elementor-heading-title elementor-size-default\"><a href=\"https:\/\/www.vibragora.fr\/en\/forums\/forum\/yoga\/\">Entries <\/a><\/h1>\t\t<\/div>\n\t\t\t\t<\/div>\n\t\t\t\t<div class=\"elementor-element elementor-element-1df7adb elementor-widget elementor-widget-text-editor\" data-id=\"1df7adb\" data-element_type=\"widget\" data-widget_type=\"text-editor.default\">\n\t\t\t\t<div class=\"elementor-widget-container\">\n\t\t\t<style>\/*! elementor - v3.23.0 - 05-08-2024 *\/\n.elementor-widget-text-editor.elementor-drop-cap-view-stacked .elementor-drop-cap{background-color:#69727d;color:#fff}.elementor-widget-text-editor.elementor-drop-cap-view-framed .elementor-drop-cap{color:#69727d;border:3px solid;background-color:transparent}.elementor-widget-text-editor:not(.elementor-drop-cap-view-default) .elementor-drop-cap{margin-top:8px}.elementor-widget-text-editor:not(.elementor-drop-cap-view-default) .elementor-drop-cap-letter{width:1em;height:1em}.elementor-widget-text-editor .elementor-drop-cap{float:left;text-align:center;line-height:1;font-size:50px}.elementor-widget-text-editor .elementor-drop-cap-letter{display:inline-block}<\/style>\t\t\t\t<p>Cliquez sur &#8220;Entr\u00e9es&#8221; pour acc\u00e9der au forum,<\/p><p>uis postez votre sujet en choisissant une cat\u00e9gorie ci-dessous<\/p>\t\t\t\t\t\t<\/div>\n\t\t\t\t<\/div>\n\t\t\t\t<div class=\"elementor-element elementor-element-4feb9a95 elementor-widget elementor-widget-text-editor\" data-id=\"4feb9a95\" data-element_type=\"widget\" data-widget_type=\"text-editor.default\">\n\t\t\t\t<div class=\"elementor-widget-container\">\n\t\t\t\t\t\t\t<h3>Stuck cases<\/h3><ul><li>Unanswered registered letters<\/li><li>Court unresponsive<\/li><li>Inactive lawyer<\/li><li>Deadlines exceeded<\/li><li>Unenforced judgments<\/li><\/ul>\t\t\t\t\t\t<\/div>\n\t\t\t\t<\/div>\n\t\t\t\t<div class=\"elementor-element elementor-element-21aa33e2 elementor-widget elementor-widget-text-editor\" data-id=\"21aa33e2\" data-element_type=\"widget\" data-widget_type=\"text-editor.default\">\n\t\t\t\t<div class=\"elementor-widget-container\">\n\t\t\t\t\t\t\t<h3>First steps<\/h3><ul><li>Filing a complaint<\/li><li>Taking legal action<\/li><li>Registered letters<\/li><\/ul>\t\t\t\t\t\t<\/div>\n\t\t\t\t<\/div>\n\t\t\t\t<div class=\"elementor-element elementor-element-9338b8d elementor-widget elementor-widget-text-editor\" data-id=\"9338b8d\" data-element_type=\"widget\" data-widget_type=\"text-editor.default\">\n\t\t\t\t<div class=\"elementor-widget-container\">\n\t\t\t\t\t\t\t<h3>Procedure<\/h3><ul><li>Summons<\/li><li>Hearings<\/li><li>Judgments<\/li><li>Appeals<\/li><\/ul>\t\t\t\t\t\t<\/div>\n\t\t\t\t<\/div>\n\t\t\t\t<div class=\"elementor-element elementor-element-824b9d2 elementor-widget elementor-widget-text-editor\" data-id=\"824b9d2\" data-element_type=\"widget\" data-widget_type=\"text-editor.default\">\n\t\t\t\t<div class=\"elementor-widget-container\">\n\t\t\t\t\t\t\t<h3>Legal aid<\/h3><ul><li>Application<\/li><li>Denial<\/li><\/ul>\t\t\t\t\t\t<\/div>\n\t\t\t\t<\/div>\n\t\t\t\t<div class=\"elementor-element elementor-element-b06f397 elementor-widget elementor-widget-text-editor\" data-id=\"b06f397\" data-element_type=\"widget\" data-widget_type=\"text-editor.default\">\n\t\t\t\t<div class=\"elementor-widget-container\">\n\t\t\t\t\t\t\t<h3>Lawyers (no commercial promotion)<\/h3><ul><li>Choosing<\/li><li>Changing<\/li><li>Relationship<\/li><\/ul>\t\t\t\t\t\t<\/div>\n\t\t\t\t<\/div>\n\t\t\t\t<\/div>\n\t\t<div class=\"elementor-element elementor-element-fd0c61c e-con-full elementor-hidden-mobile e-flex e-con e-child\" data-id=\"fd0c61c\" data-element_type=\"container\" data-settings=\"{&quot;background_background&quot;:&quot;classic&quot;}\">\n\t\t\t\t<\/div>\n\t\t\t\t\t<\/div>\n\t\t\t\t<\/div>\n\t\t\t\t<\/div>","protected":false},"excerpt":{"rendered":"<div class=\"tmnf_excerpt\"><p>Entr\u00e9es Cliquez sur &#8220;Entr\u00e9es&#8221; pour acc\u00e9der au forum, uis postez votre sujet en choisissant une cat\u00e9gorie ci-dessous Blocages Lettres sans r\u00e9ponse Tribunal ferm\u00e9 Avocat inactif D\u00e9lais d\u00e9pass\u00e9s Jugement non ex\u00e9cut\u00e9 Premi\u00e8res d\u00e9marches Porter plainte Saisir un tribunal Lettre recommand\u00e9e Proc\u00e9dure Assignation Audience Jugement Appel Aide juridictionnelle Demande Refus Avocats Choisir Changer Relation<\/p>\n<\/div>","protected":false},"author":1,"featured_media":0,"parent":31291,"menu_order":0,"comment_status":"closed","ping_status":"closed","template":"","meta":{"_bbp_topic_count":0,"_bbp_reply_count":0,"_bbp_total_topic_count":0,"_bbp_total_reply_count":0,"_bbp_voice_count":0,"_bbp_anonymous_reply_count":0,"_bbp_topic_count_hidden":0,"_bbp_reply_count_hidden":0,"_bbp_forum_subforum_count":0,"footnotes":""},"class_list":["post-32768","page","type-page","status-publish","hentry"],"aioseo_notices":[],"_links":{"self":[{"href":"https:\/\/www.vibragora.fr\/en\/wp-json\/wp\/v2\/pages\/32768","targetHints":{"allow":["GET"]}}],"collection":[{"href":"https:\/\/www.vibragora.fr\/en\/wp-json\/wp\/v2\/pages"}],"about":[{"href":"https:\/\/www.vibragora.fr\/en\/wp-json\/wp\/v2\/types\/page"}],"author":[{"embeddable":true,"href":"https:\/\/www.vibragora.fr\/en\/wp-json\/wp\/v2\/users\/1"}],"replies":[{"embeddable":true,"href":"https:\/\/www.vibragora.fr\/en\/wp-json\/wp\/v2\/comments?post=32768"}],"version-history":[{"count":23,"href":"https:\/\/www.vibragora.fr\/en\/wp-json\/wp\/v2\/pages\/32768\/revisions"}],"predecessor-version":[{"id":32882,"href":"https:\/\/www.vibragora.fr\/en\/wp-json\/wp\/v2\/pages\/32768\/revisions\/32882"}],"up":[{"embeddable":true,"href":"https:\/\/www.vibragora.fr\/en\/wp-json\/wp\/v2\/pages\/31291"}],"wp:attachment":[{"href":"https:\/\/www.vibragora.fr\/en\/wp-json\/wp\/v2\/media?parent=32768"}],"curies":[{"name":"wp","href":"https:\/\/api.w.org\/{rel}","templated":true}]}}