{"id":32753,"date":"2026-03-06T06:31:50","date_gmt":"2026-03-06T06:31:50","guid":{"rendered":"https:\/\/www.vibragora.fr\/?page_id=32753"},"modified":"2026-03-07T06:24:41","modified_gmt":"2026-03-07T06:24:41","slug":"consumer","status":"publish","type":"page","link":"https:\/\/www.vibragora.fr\/en\/forums-container\/consumer\/","title":{"rendered":"Consumer"},"content":{"rendered":"<div data-elementor-type=\"wp-page\" data-elementor-id=\"32753\" class=\"elementor elementor-32753\" data-elementor-post-type=\"page\">\n\t\t\t\t<div class=\"elementor-element elementor-element-1a617a93 e-flex e-con-boxed e-con e-parent\" data-id=\"1a617a93\" data-element_type=\"container\">\n\t\t\t\t\t<div class=\"e-con-inner\">\n\t\t<div class=\"elementor-element elementor-element-72f3609e e-con-full e-flex e-con e-child\" data-id=\"72f3609e\" data-element_type=\"container\">\n\t\t\t\t<div class=\"elementor-element elementor-element-58359ba9 elementor-widget elementor-widget-heading\" data-id=\"58359ba9\" data-element_type=\"widget\" data-widget_type=\"heading.default\">\n\t\t\t\t<div class=\"elementor-widget-container\">\n\t\t\t<style>\/*! elementor - v3.23.0 - 05-08-2024 *\/\n.elementor-heading-title{padding:0;margin:0;line-height:1}.elementor-widget-heading .elementor-heading-title[class*=elementor-size-]>a{color:inherit;font-size:inherit;line-height:inherit}.elementor-widget-heading .elementor-heading-title.elementor-size-small{font-size:15px}.elementor-widget-heading .elementor-heading-title.elementor-size-medium{font-size:19px}.elementor-widget-heading .elementor-heading-title.elementor-size-large{font-size:29px}.elementor-widget-heading .elementor-heading-title.elementor-size-xl{font-size:39px}.elementor-widget-heading .elementor-heading-title.elementor-size-xxl{font-size:59px}<\/style><h1 class=\"elementor-heading-title elementor-size-default\"><a href=\"https:\/\/www.vibragora.fr\/en\/forums\/forum\/meditation\/\">Entries <\/a><\/h1>\t\t<\/div>\n\t\t\t\t<\/div>\n\t\t\t\t<div class=\"elementor-element elementor-element-44dbf4f elementor-widget elementor-widget-text-editor\" data-id=\"44dbf4f\" data-element_type=\"widget\" data-widget_type=\"text-editor.default\">\n\t\t\t\t<div class=\"elementor-widget-container\">\n\t\t\t<style>\/*! elementor - v3.23.0 - 05-08-2024 *\/\n.elementor-widget-text-editor.elementor-drop-cap-view-stacked .elementor-drop-cap{background-color:#69727d;color:#fff}.elementor-widget-text-editor.elementor-drop-cap-view-framed .elementor-drop-cap{color:#69727d;border:3px solid;background-color:transparent}.elementor-widget-text-editor:not(.elementor-drop-cap-view-default) .elementor-drop-cap{margin-top:8px}.elementor-widget-text-editor:not(.elementor-drop-cap-view-default) .elementor-drop-cap-letter{width:1em;height:1em}.elementor-widget-text-editor .elementor-drop-cap{float:left;text-align:center;line-height:1;font-size:50px}.elementor-widget-text-editor .elementor-drop-cap-letter{display:inline-block}<\/style>\t\t\t\t<p>Cliquez sur &#8220;Entr\u00e9es&#8221; pour acc\u00e9der au forum,<\/p><p>puis postez votre sujet en choisissant une cat\u00e9gorie ci-dessous<\/p>\t\t\t\t\t\t<\/div>\n\t\t\t\t<\/div>\n\t\t\t\t<div class=\"elementor-element elementor-element-1ea2eeb0 elementor-widget elementor-widget-text-editor\" data-id=\"1ea2eeb0\" data-element_type=\"widget\" data-widget_type=\"text-editor.default\">\n\t\t\t\t<div class=\"elementor-widget-container\">\n\t\t\t\t\t\t\t<h3>Alert zone (with vote progress bar)<\/h3><ul><li>Sort by<\/li><li>oSort by region\/industry<\/li><li>\"Me too\" button<\/li><\/ul>\t\t\t\t\t\t<\/div>\n\t\t\t\t<\/div>\n\t\t\t\t<div class=\"elementor-element elementor-element-5b42c41e elementor-widget elementor-widget-text-editor\" data-id=\"5b42c41e\" data-element_type=\"widget\" data-widget_type=\"text-editor.default\">\n\t\t\t\t<div class=\"elementor-widget-container\">\n\t\t\t\t\t\t\t<h3>Litiges consommation<\/h3><ul><li>Purchases<\/li><li>Home renovations<\/li><li>Vehicles<\/li><li>Defective products<\/li><li>Refunds<\/li><\/ul>\t\t\t\t\t\t<\/div>\n\t\t\t\t<\/div>\n\t\t\t\t<div class=\"elementor-element elementor-element-4e7ac30f elementor-widget elementor-widget-text-editor\" data-id=\"4e7ac30f\" data-element_type=\"widget\" data-widget_type=\"text-editor.default\">\n\t\t\t\t<div class=\"elementor-widget-container\">\n\t\t\t\t\t\t\t<h3>Doorstep selling<\/h3><ul><li>Taking advantage of vulnerability<\/li><li>Cancellation <\/li><\/ul>\t\t\t\t\t\t<\/div>\n\t\t\t\t<\/div>\n\t\t\t\t<div class=\"elementor-element elementor-element-ffd22de elementor-widget elementor-widget-text-editor\" data-id=\"ffd22de\" data-element_type=\"widget\" data-widget_type=\"text-editor.default\">\n\t\t\t\t<div class=\"elementor-widget-container\">\n\t\t\t\t\t\t\t<h3>Insurance<\/h3><ul><li>Claim denial<\/li><li>Claims<\/li><\/ul>\t\t\t\t\t\t<\/div>\n\t\t\t\t<\/div>\n\t\t\t\t<\/div>\n\t\t<div class=\"elementor-element elementor-element-3721daec e-con-full elementor-hidden-mobile e-flex e-con e-child\" data-id=\"3721daec\" data-element_type=\"container\" data-settings=\"{&quot;background_background&quot;:&quot;classic&quot;}\">\n\t\t\t\t<\/div>\n\t\t\t\t\t<\/div>\n\t\t\t\t<\/div>\n\t\t\t\t<\/div>","protected":false},"excerpt":{"rendered":"<div class=\"tmnf_excerpt\"><p>Entr\u00e9es Cliquez sur &#8220;Entr\u00e9es&#8221; pour acc\u00e9der au forum, puis postez votre sujet en choisissant une cat\u00e9gorie ci-dessous Alerte Classement par Classement par r\u00e9gion\/secteur Bouton &#8220;Moi aussi&#8221; Litiges consommation Achat Travaux V\u00e9hicule Produits d\u00e9fectueux Remboursement D\u00e9marchage Abus de faiblesse Annulation Assurances Refus d&#8217;indemnisation Sinistre<\/p>\n<\/div>","protected":false},"author":1,"featured_media":0,"parent":31291,"menu_order":0,"comment_status":"closed","ping_status":"closed","template":"","meta":{"_bbp_topic_count":0,"_bbp_reply_count":0,"_bbp_total_topic_count":0,"_bbp_total_reply_count":0,"_bbp_voice_count":0,"_bbp_anonymous_reply_count":0,"_bbp_topic_count_hidden":0,"_bbp_reply_count_hidden":0,"_bbp_forum_subforum_count":0,"footnotes":""},"class_list":["post-32753","page","type-page","status-publish","hentry"],"aioseo_notices":[],"_links":{"self":[{"href":"https:\/\/www.vibragora.fr\/en\/wp-json\/wp\/v2\/pages\/32753","targetHints":{"allow":["GET"]}}],"collection":[{"href":"https:\/\/www.vibragora.fr\/en\/wp-json\/wp\/v2\/pages"}],"about":[{"href":"https:\/\/www.vibragora.fr\/en\/wp-json\/wp\/v2\/types\/page"}],"author":[{"embeddable":true,"href":"https:\/\/www.vibragora.fr\/en\/wp-json\/wp\/v2\/users\/1"}],"replies":[{"embeddable":true,"href":"https:\/\/www.vibragora.fr\/en\/wp-json\/wp\/v2\/comments?post=32753"}],"version-history":[{"count":16,"href":"https:\/\/www.vibragora.fr\/en\/wp-json\/wp\/v2\/pages\/32753\/revisions"}],"predecessor-version":[{"id":32894,"href":"https:\/\/www.vibragora.fr\/en\/wp-json\/wp\/v2\/pages\/32753\/revisions\/32894"}],"up":[{"embeddable":true,"href":"https:\/\/www.vibragora.fr\/en\/wp-json\/wp\/v2\/pages\/31291"}],"wp:attachment":[{"href":"https:\/\/www.vibragora.fr\/en\/wp-json\/wp\/v2\/media?parent=32753"}],"curies":[{"name":"wp","href":"https:\/\/api.w.org\/{rel}","templated":true}]}}