{"id":32731,"date":"2026-03-06T06:23:01","date_gmt":"2026-03-06T06:23:01","guid":{"rendered":"https:\/\/www.vibragora.fr\/?page_id=32731"},"modified":"2026-03-07T06:23:11","modified_gmt":"2026-03-07T06:23:11","slug":"family","status":"publish","type":"page","link":"https:\/\/www.vibragora.fr\/en\/forums-container\/family\/","title":{"rendered":"Family"},"content":{"rendered":"<div data-elementor-type=\"wp-page\" data-elementor-id=\"32731\" class=\"elementor elementor-32731\" data-elementor-post-type=\"page\">\n\t\t\t\t<div class=\"elementor-element elementor-element-7ed8b925 e-flex e-con-boxed e-con e-parent\" data-id=\"7ed8b925\" data-element_type=\"container\">\n\t\t\t\t\t<div class=\"e-con-inner\">\n\t\t<div class=\"elementor-element elementor-element-72f4e5f6 e-con-full e-flex e-con e-child\" data-id=\"72f4e5f6\" data-element_type=\"container\">\n\t\t\t\t<div class=\"elementor-element elementor-element-1e37ac50 elementor-widget elementor-widget-heading\" data-id=\"1e37ac50\" data-element_type=\"widget\" data-widget_type=\"heading.default\">\n\t\t\t\t<div class=\"elementor-widget-container\">\n\t\t\t<style>\/*! elementor - v3.23.0 - 05-08-2024 *\/\n.elementor-heading-title{padding:0;margin:0;line-height:1}.elementor-widget-heading .elementor-heading-title[class*=elementor-size-]>a{color:inherit;font-size:inherit;line-height:inherit}.elementor-widget-heading .elementor-heading-title.elementor-size-small{font-size:15px}.elementor-widget-heading .elementor-heading-title.elementor-size-medium{font-size:19px}.elementor-widget-heading .elementor-heading-title.elementor-size-large{font-size:29px}.elementor-widget-heading .elementor-heading-title.elementor-size-xl{font-size:39px}.elementor-widget-heading .elementor-heading-title.elementor-size-xxl{font-size:59px}<\/style><h1 class=\"elementor-heading-title elementor-size-default\"><a href=\"https:\/\/www.vibragora.fr\/en\/forums\/forum\/monde-gourmand\/\">Entries <\/a><\/h1>\t\t<\/div>\n\t\t\t\t<\/div>\n\t\t\t\t<div class=\"elementor-element elementor-element-4f563e4 elementor-widget elementor-widget-text-editor\" data-id=\"4f563e4\" data-element_type=\"widget\" data-widget_type=\"text-editor.default\">\n\t\t\t\t<div class=\"elementor-widget-container\">\n\t\t\t<style>\/*! elementor - v3.23.0 - 05-08-2024 *\/\n.elementor-widget-text-editor.elementor-drop-cap-view-stacked .elementor-drop-cap{background-color:#69727d;color:#fff}.elementor-widget-text-editor.elementor-drop-cap-view-framed .elementor-drop-cap{color:#69727d;border:3px solid;background-color:transparent}.elementor-widget-text-editor:not(.elementor-drop-cap-view-default) .elementor-drop-cap{margin-top:8px}.elementor-widget-text-editor:not(.elementor-drop-cap-view-default) .elementor-drop-cap-letter{width:1em;height:1em}.elementor-widget-text-editor .elementor-drop-cap{float:left;text-align:center;line-height:1;font-size:50px}.elementor-widget-text-editor .elementor-drop-cap-letter{display:inline-block}<\/style>\t\t\t\t<p>Cliquez sur &#8220;Entr\u00e9es&#8221; pour acc\u00e9der au forum,<\/p><p>puis postez votre sujet en choisissant une cat\u00e9gorie ci-dessous<\/p>\t\t\t\t\t\t<\/div>\n\t\t\t\t<\/div>\n\t\t\t\t<div class=\"elementor-element elementor-element-4628cc5 elementor-widget elementor-widget-text-editor\" data-id=\"4628cc5\" data-element_type=\"widget\" data-widget_type=\"text-editor.default\">\n\t\t\t\t<div class=\"elementor-widget-container\">\n\t\t\t\t\t\t\t<h3>Divorce<\/h3><ul><li>Procedure<\/li><li>Spousal support<\/li><li>Compensatory allowance<\/li><\/ul>\t\t\t\t\t\t<\/div>\n\t\t\t\t<\/div>\n\t\t\t\t<div class=\"elementor-element elementor-element-343834ee elementor-widget elementor-widget-text-editor\" data-id=\"343834ee\" data-element_type=\"widget\" data-widget_type=\"text-editor.default\">\n\t\t\t\t<div class=\"elementor-widget-container\">\n\t\t\t\t\t\t\t<h3>Child custody<\/h3><ul><li>Residence<\/li><li>Visitation rights<\/li><li>Child support<\/li><\/ul>\t\t\t\t\t\t<\/div>\n\t\t\t\t<\/div>\n\t\t\t\t<div class=\"elementor-element elementor-element-46d205a1 elementor-widget elementor-widget-text-editor\" data-id=\"46d205a1\" data-element_type=\"widget\" data-widget_type=\"text-editor.default\">\n\t\t\t\t<div class=\"elementor-widget-container\">\n\t\t\t\t\t\t\t<h3>Succession<\/h3><ul><li>Estate<\/li><li>Disputes<\/li><li>Wills<\/li><\/ul>\t\t\t\t\t\t<\/div>\n\t\t\t\t<\/div>\n\t\t\t\t<\/div>\n\t\t<div class=\"elementor-element elementor-element-6613700e e-con-full elementor-hidden-mobile e-flex e-con e-child\" data-id=\"6613700e\" data-element_type=\"container\" data-settings=\"{&quot;background_background&quot;:&quot;classic&quot;}\">\n\t\t\t\t<\/div>\n\t\t\t\t\t<\/div>\n\t\t\t\t<\/div>\n\t\t\t\t<\/div>","protected":false},"excerpt":{"rendered":"<div class=\"tmnf_excerpt\"><p>Entr\u00e9es Cliquez sur &#8220;Entr\u00e9es&#8221; pour acc\u00e9der au forum, puis postez votre sujet en choisissant une cat\u00e9gorie ci-dessous Divorce Proc\u00e9dure Pension Prestation compensatoire Garde d&#8217;enfants R\u00e9sidence Droit de visite Pension alimentaire Succession H\u00e9ritage Conflits Testament<\/p>\n<\/div>","protected":false},"author":1,"featured_media":0,"parent":31291,"menu_order":0,"comment_status":"closed","ping_status":"closed","template":"","meta":{"_bbp_topic_count":0,"_bbp_reply_count":0,"_bbp_total_topic_count":0,"_bbp_total_reply_count":0,"_bbp_voice_count":0,"_bbp_anonymous_reply_count":0,"_bbp_topic_count_hidden":0,"_bbp_reply_count_hidden":0,"_bbp_forum_subforum_count":0,"footnotes":""},"class_list":["post-32731","page","type-page","status-publish","hentry"],"aioseo_notices":[],"_links":{"self":[{"href":"https:\/\/www.vibragora.fr\/en\/wp-json\/wp\/v2\/pages\/32731","targetHints":{"allow":["GET"]}}],"collection":[{"href":"https:\/\/www.vibragora.fr\/en\/wp-json\/wp\/v2\/pages"}],"about":[{"href":"https:\/\/www.vibragora.fr\/en\/wp-json\/wp\/v2\/types\/page"}],"author":[{"embeddable":true,"href":"https:\/\/www.vibragora.fr\/en\/wp-json\/wp\/v2\/users\/1"}],"replies":[{"embeddable":true,"href":"https:\/\/www.vibragora.fr\/en\/wp-json\/wp\/v2\/comments?post=32731"}],"version-history":[{"count":22,"href":"https:\/\/www.vibragora.fr\/en\/wp-json\/wp\/v2\/pages\/32731\/revisions"}],"predecessor-version":[{"id":32891,"href":"https:\/\/www.vibragora.fr\/en\/wp-json\/wp\/v2\/pages\/32731\/revisions\/32891"}],"up":[{"embeddable":true,"href":"https:\/\/www.vibragora.fr\/en\/wp-json\/wp\/v2\/pages\/31291"}],"wp:attachment":[{"href":"https:\/\/www.vibragora.fr\/en\/wp-json\/wp\/v2\/media?parent=32731"}],"curies":[{"name":"wp","href":"https:\/\/api.w.org\/{rel}","templated":true}]}}