{"id":32684,"date":"2026-03-06T05:56:21","date_gmt":"2026-03-06T05:56:21","guid":{"rendered":"https:\/\/www.vibragora.fr\/?page_id=32684"},"modified":"2026-03-07T06:21:57","modified_gmt":"2026-03-07T06:21:57","slug":"housing","status":"publish","type":"page","link":"https:\/\/www.vibragora.fr\/en\/forums-container\/housing\/","title":{"rendered":"Housing"},"content":{"rendered":"<div data-elementor-type=\"wp-page\" data-elementor-id=\"32684\" class=\"elementor elementor-32684\" data-elementor-post-type=\"page\">\n\t\t\t\t<div class=\"elementor-element elementor-element-1c8d640 e-flex e-con-boxed e-con e-parent\" data-id=\"1c8d640\" data-element_type=\"container\">\n\t\t\t\t\t<div class=\"e-con-inner\">\n\t\t<div class=\"elementor-element elementor-element-1b76394 e-con-full e-flex e-con e-child\" data-id=\"1b76394\" data-element_type=\"container\">\n\t\t\t\t<div class=\"elementor-element elementor-element-ce770cb elementor-widget elementor-widget-heading\" data-id=\"ce770cb\" data-element_type=\"widget\" data-widget_type=\"heading.default\">\n\t\t\t\t<div class=\"elementor-widget-container\">\n\t\t\t<style>\/*! elementor - v3.23.0 - 05-08-2024 *\/\n.elementor-heading-title{padding:0;margin:0;line-height:1}.elementor-widget-heading .elementor-heading-title[class*=elementor-size-]>a{color:inherit;font-size:inherit;line-height:inherit}.elementor-widget-heading .elementor-heading-title.elementor-size-small{font-size:15px}.elementor-widget-heading .elementor-heading-title.elementor-size-medium{font-size:19px}.elementor-widget-heading .elementor-heading-title.elementor-size-large{font-size:29px}.elementor-widget-heading .elementor-heading-title.elementor-size-xl{font-size:39px}.elementor-widget-heading .elementor-heading-title.elementor-size-xxl{font-size:59px}<\/style><h1 class=\"elementor-heading-title elementor-size-default\"><a href=\"https:\/\/www.vibragora.fr\/en\/forums\/forum\/test\/\">Entries <\/a><\/h1>\t\t<\/div>\n\t\t\t\t<\/div>\n\t\t\t\t<div class=\"elementor-element elementor-element-97edccb elementor-widget elementor-widget-text-editor\" data-id=\"97edccb\" data-element_type=\"widget\" data-widget_type=\"text-editor.default\">\n\t\t\t\t<div class=\"elementor-widget-container\">\n\t\t\t<style>\/*! elementor - v3.23.0 - 05-08-2024 *\/\n.elementor-widget-text-editor.elementor-drop-cap-view-stacked .elementor-drop-cap{background-color:#69727d;color:#fff}.elementor-widget-text-editor.elementor-drop-cap-view-framed .elementor-drop-cap{color:#69727d;border:3px solid;background-color:transparent}.elementor-widget-text-editor:not(.elementor-drop-cap-view-default) .elementor-drop-cap{margin-top:8px}.elementor-widget-text-editor:not(.elementor-drop-cap-view-default) .elementor-drop-cap-letter{width:1em;height:1em}.elementor-widget-text-editor .elementor-drop-cap{float:left;text-align:center;line-height:1;font-size:50px}.elementor-widget-text-editor .elementor-drop-cap-letter{display:inline-block}<\/style>\t\t\t\t<p>Cliquez sur &#8220;Entr\u00e9es&#8221; pour acc\u00e9der au forum,<\/p><p>puis postez votre sujet en choisissant une cat\u00e9gorie ci-dessous<\/p>\t\t\t\t\t\t<\/div>\n\t\t\t\t<\/div>\n\t\t\t\t<div class=\"elementor-element elementor-element-758fcbc elementor-widget elementor-widget-text-editor\" data-id=\"758fcbc\" data-element_type=\"widget\" data-widget_type=\"text-editor.default\">\n\t\t\t\t<div class=\"elementor-widget-container\">\n\t\t\t\t\t\t\t<h3>Illegal occupation<\/h3><ul><li>Squatting<\/li><li>Eviction procedures<\/li><li>Appeals<\/li><\/ul>\t\t\t\t\t\t<\/div>\n\t\t\t\t<\/div>\n\t\t\t\t<div class=\"elementor-element elementor-element-b25511b elementor-widget elementor-widget-text-editor\" data-id=\"b25511b\" data-element_type=\"widget\" data-widget_type=\"text-editor.default\">\n\t\t\t\t<div class=\"elementor-widget-container\">\n\t\t\t\t\t\t\t<h3>Rental disputes<\/h3><ul><li>Landlord perspective<\/li><li>Tenant perspective<\/li><li>Security deposit<\/li><li>Utility charges<\/li><li>Unsanitary housing<\/li><\/ul>\t\t\t\t\t\t<\/div>\n\t\t\t\t<\/div>\n\t\t\t\t<div class=\"elementor-element elementor-element-de22182 elementor-widget elementor-widget-text-editor\" data-id=\"de22182\" data-element_type=\"widget\" data-widget_type=\"text-editor.default\">\n\t\t\t\t<div class=\"elementor-widget-container\">\n\t\t\t\t\t\t\t<h3>Neighbors<\/h3><ul><li>Noise<\/li><li>Boundary disputes<\/li><li>Neighborhood disturbances<\/li><\/ul>\t\t\t\t\t\t<\/div>\n\t\t\t\t<\/div>\n\t\t\t\t<\/div>\n\t\t<div class=\"elementor-element elementor-element-4556993 e-con-full elementor-hidden-mobile e-flex e-con e-child\" data-id=\"4556993\" data-element_type=\"container\" data-settings=\"{&quot;background_background&quot;:&quot;classic&quot;}\">\n\t\t\t\t<\/div>\n\t\t\t\t\t<\/div>\n\t\t\t\t<\/div>\n\t\t\t\t<\/div>","protected":false},"excerpt":{"rendered":"<div class=\"tmnf_excerpt\"><p>Entr\u00e9es Cliquez sur &#8220;Entr\u00e9es&#8221; pour acc\u00e9der au forum, puis postez votre sujet en choisissant une cat\u00e9gorie ci-dessous Occupation ill\u00e9gale Squat Expulsion Recours Litiges locatifs Propri\u00e9taire Locataire D\u00e9p\u00f4t de garantie Charges Logement insalubre Voisinage Bruit Bornage Troubles du voisinage<\/p>\n<\/div>","protected":false},"author":1,"featured_media":0,"parent":31291,"menu_order":0,"comment_status":"closed","ping_status":"closed","template":"","meta":{"_bbp_topic_count":0,"_bbp_reply_count":0,"_bbp_total_topic_count":0,"_bbp_total_reply_count":0,"_bbp_voice_count":0,"_bbp_anonymous_reply_count":0,"_bbp_topic_count_hidden":0,"_bbp_reply_count_hidden":0,"_bbp_forum_subforum_count":0,"footnotes":""},"class_list":["post-32684","page","type-page","status-publish","hentry"],"aioseo_notices":[],"_links":{"self":[{"href":"https:\/\/www.vibragora.fr\/en\/wp-json\/wp\/v2\/pages\/32684","targetHints":{"allow":["GET"]}}],"collection":[{"href":"https:\/\/www.vibragora.fr\/en\/wp-json\/wp\/v2\/pages"}],"about":[{"href":"https:\/\/www.vibragora.fr\/en\/wp-json\/wp\/v2\/types\/page"}],"author":[{"embeddable":true,"href":"https:\/\/www.vibragora.fr\/en\/wp-json\/wp\/v2\/users\/1"}],"replies":[{"embeddable":true,"href":"https:\/\/www.vibragora.fr\/en\/wp-json\/wp\/v2\/comments?post=32684"}],"version-history":[{"count":39,"href":"https:\/\/www.vibragora.fr\/en\/wp-json\/wp\/v2\/pages\/32684\/revisions"}],"predecessor-version":[{"id":32885,"href":"https:\/\/www.vibragora.fr\/en\/wp-json\/wp\/v2\/pages\/32684\/revisions\/32885"}],"up":[{"embeddable":true,"href":"https:\/\/www.vibragora.fr\/en\/wp-json\/wp\/v2\/pages\/31291"}],"wp:attachment":[{"href":"https:\/\/www.vibragora.fr\/en\/wp-json\/wp\/v2\/media?parent=32684"}],"curies":[{"name":"wp","href":"https:\/\/api.w.org\/{rel}","templated":true}]}}