{"id":32811,"date":"2026-03-06T06:49:30","date_gmt":"2026-03-06T06:49:30","guid":{"rendered":"https:\/\/www.vibragora.fr\/?page_id=32811"},"modified":"2026-03-07T06:22:39","modified_gmt":"2026-03-07T06:22:39","slug":"log","status":"publish","type":"page","link":"http:\/\/www.vibragora.fr\/en\/forums-container\/log\/","title":{"rendered":"Journal"},"content":{"rendered":"<div data-elementor-type=\"wp-page\" data-elementor-id=\"32811\" class=\"elementor elementor-32811\" data-elementor-post-type=\"page\">\n\t\t\t\t<div class=\"elementor-element elementor-element-59d48ced e-flex e-con-boxed e-con e-parent\" data-id=\"59d48ced\" data-element_type=\"container\">\n\t\t\t\t\t<div class=\"e-con-inner\">\n\t\t<div class=\"elementor-element elementor-element-27ee7e28 e-con-full e-flex e-con e-child\" data-id=\"27ee7e28\" data-element_type=\"container\">\n\t\t\t\t<div class=\"elementor-element elementor-element-f54f05d elementor-widget elementor-widget-heading\" data-id=\"f54f05d\" data-element_type=\"widget\" data-widget_type=\"heading.default\">\n\t\t\t\t<div class=\"elementor-widget-container\">\n\t\t\t<style>\/*! elementor - v3.23.0 - 05-08-2024 *\/\n.elementor-heading-title{padding:0;margin:0;line-height:1}.elementor-widget-heading .elementor-heading-title[class*=elementor-size-]>a{color:inherit;font-size:inherit;line-height:inherit}.elementor-widget-heading .elementor-heading-title.elementor-size-small{font-size:15px}.elementor-widget-heading .elementor-heading-title.elementor-size-medium{font-size:19px}.elementor-widget-heading .elementor-heading-title.elementor-size-large{font-size:29px}.elementor-widget-heading .elementor-heading-title.elementor-size-xl{font-size:39px}.elementor-widget-heading .elementor-heading-title.elementor-size-xxl{font-size:59px}<\/style><h1 class=\"elementor-heading-title elementor-size-default\"><a href=\"http:\/\/www.vibragora.fr\/en\/forums\/forum\/litterature\/\">Entries <\/a><\/h1>\t\t<\/div>\n\t\t\t\t<\/div>\n\t\t\t\t<div class=\"elementor-element elementor-element-0be9a5e elementor-widget elementor-widget-text-editor\" data-id=\"0be9a5e\" data-element_type=\"widget\" data-widget_type=\"text-editor.default\">\n\t\t\t\t<div class=\"elementor-widget-container\">\n\t\t\t<style>\/*! elementor - v3.23.0 - 05-08-2024 *\/\n.elementor-widget-text-editor.elementor-drop-cap-view-stacked .elementor-drop-cap{background-color:#69727d;color:#fff}.elementor-widget-text-editor.elementor-drop-cap-view-framed .elementor-drop-cap{color:#69727d;border:3px solid;background-color:transparent}.elementor-widget-text-editor:not(.elementor-drop-cap-view-default) .elementor-drop-cap{margin-top:8px}.elementor-widget-text-editor:not(.elementor-drop-cap-view-default) .elementor-drop-cap-letter{width:1em;height:1em}.elementor-widget-text-editor .elementor-drop-cap{float:left;text-align:center;line-height:1;font-size:50px}.elementor-widget-text-editor .elementor-drop-cap-letter{display:inline-block}<\/style>\t\t\t\t<p>Cliquez sur &#8220;Entr\u00e9es&#8221; pour acc\u00e9der au forum,<\/p><p>puis postez votre sujet en choisissant une cat\u00e9gorie ci-dessous<\/p>\t\t\t\t\t\t<\/div>\n\t\t\t\t<\/div>\n\t\t\t\t<div class=\"elementor-element elementor-element-732338cf elementor-widget elementor-widget-text-editor\" data-id=\"732338cf\" data-element_type=\"widget\" data-widget_type=\"text-editor.default\">\n\t\t\t\t<div class=\"elementor-widget-container\">\n\t\t\t\t\t\t\t<h3><strong><b>My case<\/b><\/strong><\/h3><ul><li>All registered letters (reverse chronological order)<\/li><li>Total transparency<\/li><\/ul>\t\t\t\t\t\t<\/div>\n\t\t\t\t<\/div>\n\t\t\t\t<div class=\"elementor-element elementor-element-1c7219e1 elementor-widget elementor-widget-text-editor\" data-id=\"1c7219e1\" data-element_type=\"widget\" data-widget_type=\"text-editor.default\">\n\t\t\t\t<div class=\"elementor-widget-container\">\n\t\t\t\t\t\t\t<h3><strong><b>Decoding <\/b><\/strong><\/h3><ul><li>Analyse des r\u00e9ponses du tribunal \/ Analysis of court responses<\/li><li>Prolongement des 4 questions d'entr\u00e9e \/ Extension of the 4 entrance questions<\/li><\/ul>\t\t\t\t\t\t<\/div>\n\t\t\t\t<\/div>\n\t\t\t\t<div class=\"elementor-element elementor-element-22a258de elementor-widget elementor-widget-text-editor\" data-id=\"22a258de\" data-element_type=\"widget\" data-widget_type=\"text-editor.default\">\n\t\t\t\t<div class=\"elementor-widget-container\">\n\t\t\t\t\t\t\t<h3><strong><b>Testimonies <\/b><\/strong><\/h3><ul><li>Exceptional\/serious submissions<\/li><li>Verified and anonymized before publication<\/li><\/ul>\t\t\t\t\t\t<\/div>\n\t\t\t\t<\/div>\n\t\t\t\t<\/div>\n\t\t<div class=\"elementor-element elementor-element-151ce22f e-con-full elementor-hidden-mobile e-flex e-con e-child\" data-id=\"151ce22f\" data-element_type=\"container\" data-settings=\"{&quot;background_background&quot;:&quot;classic&quot;}\">\n\t\t\t\t<\/div>\n\t\t\t\t\t<\/div>\n\t\t\t\t<\/div>\n\t\t\t\t<\/div>","protected":false},"excerpt":{"rendered":"<div class=\"tmnf_excerpt\"><p>Entr\u00e9es Cliquez sur &#8220;Entr\u00e9es&#8221; pour acc\u00e9der au forum, puis postez votre sujet en choisissant une cat\u00e9gorie ci-dessous Mon dossier Toutes les lettres recommand\u00e9es (ordre chronologique inverse) Transparence totale D\u00e9cryptage Analyse des r\u00e9ponses du tribunal Prolongement des 4 questions d&#8217;entr\u00e9e T\u00e9moignages T\u00e9moignages exceptionnels \/ graves V\u00e9rification et anonymisation avant publication<\/p>\n<\/div>","protected":false},"author":1,"featured_media":0,"parent":31291,"menu_order":0,"comment_status":"closed","ping_status":"closed","template":"","meta":{"_bbp_topic_count":0,"_bbp_reply_count":0,"_bbp_total_topic_count":0,"_bbp_total_reply_count":0,"_bbp_voice_count":0,"_bbp_anonymous_reply_count":0,"_bbp_topic_count_hidden":0,"_bbp_reply_count_hidden":0,"_bbp_forum_subforum_count":0,"footnotes":""},"class_list":["post-32811","page","type-page","status-publish","hentry"],"aioseo_notices":[],"_links":{"self":[{"href":"http:\/\/www.vibragora.fr\/en\/wp-json\/wp\/v2\/pages\/32811","targetHints":{"allow":["GET"]}}],"collection":[{"href":"http:\/\/www.vibragora.fr\/en\/wp-json\/wp\/v2\/pages"}],"about":[{"href":"http:\/\/www.vibragora.fr\/en\/wp-json\/wp\/v2\/types\/page"}],"author":[{"embeddable":true,"href":"http:\/\/www.vibragora.fr\/en\/wp-json\/wp\/v2\/users\/1"}],"replies":[{"embeddable":true,"href":"http:\/\/www.vibragora.fr\/en\/wp-json\/wp\/v2\/comments?post=32811"}],"version-history":[{"count":25,"href":"http:\/\/www.vibragora.fr\/en\/wp-json\/wp\/v2\/pages\/32811\/revisions"}],"predecessor-version":[{"id":32888,"href":"http:\/\/www.vibragora.fr\/en\/wp-json\/wp\/v2\/pages\/32811\/revisions\/32888"}],"up":[{"embeddable":true,"href":"http:\/\/www.vibragora.fr\/en\/wp-json\/wp\/v2\/pages\/31291"}],"wp:attachment":[{"href":"http:\/\/www.vibragora.fr\/en\/wp-json\/wp\/v2\/media?parent=32811"}],"curies":[{"name":"wp","href":"https:\/\/api.w.org\/{rel}","templated":true}]}}